{"id":2,"date":"2021-02-07T18:01:32","date_gmt":"2021-02-07T18:01:32","guid":{"rendered":"http:\/\/www.navarrete.ws\/?page_id=2"},"modified":"2021-07-22T21:48:31","modified_gmt":"2021-07-22T21:48:31","slug":"pagina-ejemplo","status":"publish","type":"page","link":"https:\/\/www.navarrete.ws\/","title":{"rendered":"Resucitando el pasado"},"content":{"rendered":"\n<p>\u00bfAlguna vez pensaste que se pod\u00edan hacer cosas as\u00ed?<\/p>\n\n\n\n<p>Soy Rafael Navarrete. Y hago restauraci\u00f3n integral de fotos antiguas en blanco y negro. B\u00e1sicamente, se trata de acercar el pasado hasta nuestros d\u00edas y que las im\u00e1genes parezcan hechas ayer.<\/p>\n\n\n\n<div class=\"wp-block-image\"><figure class=\"aligncenter size-large is-resized\"><img decoding=\"async\" loading=\"lazy\" src=\"http:\/\/www.navarrete.ws\/wp-content\/uploads\/2021\/02\/Foto-24-3-20-7-02-05.jpg\" alt=\"\" class=\"wp-image-47\" width=\"283\" height=\"377\" srcset=\"https:\/\/www.navarrete.ws\/wp-content\/uploads\/2021\/02\/Foto-24-3-20-7-02-05.jpg 720w, https:\/\/www.navarrete.ws\/wp-content\/uploads\/2021\/02\/Foto-24-3-20-7-02-05-225x300.jpg 225w\" sizes=\"(max-width: 283px) 100vw, 283px\" \/><\/figure><\/div>\n\n\n\n<p>Estos son Elvira de Hidalgo y Enrique Granados.<\/p>\n\n\n\n<figure class=\"wp-block-image size-large is-resized\"><img decoding=\"async\" loading=\"lazy\" src=\"http:\/\/www.navarrete.ws\/wp-content\/uploads\/2021\/04\/elvira-color01-761x1024.jpg\" alt=\"\" class=\"wp-image-61\" width=\"524\" height=\"704\" srcset=\"https:\/\/www.navarrete.ws\/wp-content\/uploads\/2021\/04\/elvira-color01-761x1024.jpg 761w, https:\/\/www.navarrete.ws\/wp-content\/uploads\/2021\/04\/elvira-color01-223x300.jpg 223w, https:\/\/www.navarrete.ws\/wp-content\/uploads\/2021\/04\/elvira-color01-768x1034.jpg 768w, https:\/\/www.navarrete.ws\/wp-content\/uploads\/2021\/04\/elvira-color01-1141x1536.jpg 1141w, https:\/\/www.navarrete.ws\/wp-content\/uploads\/2021\/04\/elvira-color01-1568x2111.jpg 1568w\" sizes=\"(max-width: 524px) 100vw, 524px\" \/><figcaption>Elvira de Hidalgo (1910)<\/figcaption><\/figure>\n\n\n\n<figure class=\"wp-block-image size-large\"><img decoding=\"async\" loading=\"lazy\" width=\"784\" height=\"1024\" src=\"http:\/\/www.navarrete.ws\/wp-content\/uploads\/2021\/04\/GRANADOS-color03-784x1024.jpg\" alt=\"\" class=\"wp-image-83\" srcset=\"https:\/\/www.navarrete.ws\/wp-content\/uploads\/2021\/04\/GRANADOS-color03-784x1024.jpg 784w, https:\/\/www.navarrete.ws\/wp-content\/uploads\/2021\/04\/GRANADOS-color03-230x300.jpg 230w, https:\/\/www.navarrete.ws\/wp-content\/uploads\/2021\/04\/GRANADOS-color03-768x1002.jpg 768w, https:\/\/www.navarrete.ws\/wp-content\/uploads\/2021\/04\/GRANADOS-color03-1177x1536.jpg 1177w, https:\/\/www.navarrete.ws\/wp-content\/uploads\/2021\/04\/GRANADOS-color03-1569x2048.jpg 1569w, https:\/\/www.navarrete.ws\/wp-content\/uploads\/2021\/04\/GRANADOS-color03-1568x2047.jpg 1568w, https:\/\/www.navarrete.ws\/wp-content\/uploads\/2021\/04\/GRANADOS-color03-scaled.jpg 1961w\" sizes=\"(max-width: 784px) 100vw, 784px\" \/><figcaption>Enrique Granados (1915)<\/figcaption><\/figure>\n\n\n\n<p>Empec\u00e9 a trabajar con fotos antiguas a finales de 2013. Era un terreno propicio para la experimentaci\u00f3n y el desarrollo de t\u00e9cnicas nuevas. Empec\u00e9 publicando en una p\u00e1gina de facebook. <\/p>\n\n\n\n<figure class=\"wp-block-image size-large is-style-default\" id=\"https:\/\/www.facebook.com\/historiacolor\"><img decoding=\"async\" loading=\"lazy\" width=\"1024\" height=\"810\" src=\"http:\/\/www.navarrete.ws\/wp-content\/uploads\/2021\/04\/facebook-1024x810.jpg\" alt=\"La Historia a color\" class=\"wp-image-89\" srcset=\"https:\/\/www.navarrete.ws\/wp-content\/uploads\/2021\/04\/facebook-1024x810.jpg 1024w, https:\/\/www.navarrete.ws\/wp-content\/uploads\/2021\/04\/facebook-300x237.jpg 300w, https:\/\/www.navarrete.ws\/wp-content\/uploads\/2021\/04\/facebook-768x607.jpg 768w, https:\/\/www.navarrete.ws\/wp-content\/uploads\/2021\/04\/facebook.jpg 1461w\" sizes=\"(max-width: 1024px) 100vw, 1024px\" \/><figcaption><a href=\"https:\/\/www.facebook.com\/historiacolor\" target=\"_blank\" rel=\"noreferrer noopener\">La Historia a color<\/a><\/figcaption><\/figure>\n\n\n\n<p>En torno a este trabajo se ha creado una comunidad de seguidores a la que estoy infinitamente agradecido. Les gusta la Historia y la fotograf\u00eda, y disfrutan con la posibilidad de ver im\u00e1genes hist\u00f3ricas desde una perspectiva m\u00e1s cercana. <\/p>\n\n\n\n<p>Tambi\u00e9n publico en <a href=\"https:\/\/twitter.com\/historiacolor\" data-type=\"URL\" data-id=\"https:\/\/twitter.com\/historiacolor\">Twitter <\/a>y en <a href=\"https:\/\/www.instagram.com\/historiacolor\/\">Instagram<\/a>, donde pod\u00e9is ver un amplio cat\u00e1logo de mi trabajo.<\/p>\n","protected":false},"excerpt":{"rendered":"<p>\u00bfAlguna vez pensaste que se pod\u00edan hacer cosas as\u00ed? Soy Rafael Navarrete. Y hago restauraci\u00f3n integral de fotos antiguas en blanco y negro. B\u00e1sicamente, se trata de acercar el pasado hasta nuestros d\u00edas y que las im\u00e1genes parezcan hechas ayer. Estos son Elvira de Hidalgo y Enrique Granados. Empec\u00e9 a trabajar con fotos antiguas a&hellip; <a class=\"more-link\" href=\"https:\/\/www.navarrete.ws\/\">Seguir leyendo <span class=\"screen-reader-text\">Resucitando el pasado<\/span><\/a><\/p>\n","protected":false},"author":1,"featured_media":0,"parent":0,"menu_order":0,"comment_status":"closed","ping_status":"open","template":"","meta":[],"_links":{"self":[{"href":"https:\/\/www.navarrete.ws\/index.php?rest_route=\/wp\/v2\/pages\/2"}],"collection":[{"href":"https:\/\/www.navarrete.ws\/index.php?rest_route=\/wp\/v2\/pages"}],"about":[{"href":"https:\/\/www.navarrete.ws\/index.php?rest_route=\/wp\/v2\/types\/page"}],"author":[{"embeddable":true,"href":"https:\/\/www.navarrete.ws\/index.php?rest_route=\/wp\/v2\/users\/1"}],"replies":[{"embeddable":true,"href":"https:\/\/www.navarrete.ws\/index.php?rest_route=%2Fwp%2Fv2%2Fcomments&post=2"}],"version-history":[{"count":8,"href":"https:\/\/www.navarrete.ws\/index.php?rest_route=\/wp\/v2\/pages\/2\/revisions"}],"predecessor-version":[{"id":124,"href":"https:\/\/www.navarrete.ws\/index.php?rest_route=\/wp\/v2\/pages\/2\/revisions\/124"}],"wp:attachment":[{"href":"https:\/\/www.navarrete.ws\/index.php?rest_route=%2Fwp%2Fv2%2Fmedia&parent=2"}],"curies":[{"name":"wp","href":"https:\/\/api.w.org\/{rel}","templated":true}]}}